{"id":1092,"date":"2023-12-17T01:02:46","date_gmt":"2023-12-16T22:02:46","guid":{"rendered":"https:\/\/www.fahr18dsaw.online\/?page_id=1092"},"modified":"2024-01-15T23:41:13","modified_gmt":"2024-01-15T20:41:13","slug":"%d0%ba%d0%be%d0%bd%d1%82%d0%b0%d0%ba%d1%82","status":"publish","type":"page","link":"https:\/\/www.fahrettinyilmaz.com\/ru\/%d0%ba%d0%be%d0%bd%d1%82%d0%b0%d0%ba%d1%82\/","title":{"rendered":"\u041a\u043e\u043d\u0442\u0430\u043a\u0442"},"content":{"rendered":"\n<div class=\"row row-collapse row-full-width\"  id=\"row-516151746\">\n\n\n\t<div id=\"col-869481790\" class=\"col small-12 large-12\"  >\n\t\t\t\t<div class=\"col-inner\"  >\n\t\t\t\n\t\t\t\n\n\n\n<iframe src=\"https:\/\/www.google.com\/maps\/embed?pb=!1m14!1m8!1m3!1d6023.027061425739!2d28.827949!3d40.992132!3m2!1i1024!2i768!4f13.1!3m3!1m2!1s0x14caa36731b94e0b%3A0x613aad535e955a42!2sProf.%20Dr.%20Fahrettin%20Y%C4%B1lmaz!5e0!3m2!1str!2str!4v1702764203742!5m2!1str!2str\" width=\"100%\" height=\"450\" style=\"border:0;\" allowfullscreen=\"\" loading=\"lazy\" referrerpolicy=\"no-referrer-when-downgrade\"><\/iframe>\n\n\n\t\t<\/div>\n\t\t\t\t\t<\/div>\n\n\t\n\n\t<div id=\"col-1818983001\" class=\"col medium-6 small-12 large-6\"  >\n\t\t\t\t<div class=\"col-inner\"  >\n\t\t\t\n\t\t\t\n\n\n<div class=\"wpcf7 no-js\" id=\"wpcf7-f1082-o1\" lang=\"ru-RU\" dir=\"ltr\" data-wpcf7-id=\"1082\">\n<div class=\"screen-reader-response\"><p role=\"status\" aria-live=\"polite\" aria-atomic=\"true\"><\/p> <ul><\/ul><\/div>\n<form action=\"\/ru\/wp-json\/wp\/v2\/pages\/1092#wpcf7-f1082-o1\" method=\"post\" class=\"wpcf7-form init\" aria-label=\"\u041a\u043e\u043d\u0442\u0430\u043a\u0442\u043d\u0430\u044f \u0444\u043e\u0440\u043c\u0430\" novalidate=\"novalidate\" data-status=\"init\">\n<fieldset class=\"hidden-fields-container\"><input type=\"hidden\" name=\"_wpcf7\" value=\"1082\" \/><input type=\"hidden\" name=\"_wpcf7_version\" value=\"6.1.4\" \/><input type=\"hidden\" name=\"_wpcf7_locale\" value=\"ru_RU\" \/><input type=\"hidden\" name=\"_wpcf7_unit_tag\" value=\"wpcf7-f1082-o1\" \/><input type=\"hidden\" name=\"_wpcf7_container_post\" value=\"0\" \/><input type=\"hidden\" name=\"_wpcf7_posted_data_hash\" value=\"\" \/>\n<\/fieldset>\n<div id=\"responsive-form\" class=\"clearfix\">\n\t<div class=\"form-row\">\n\t\t<div class=\"column-half\">\n\t\t\t<p>\u0418\u043c\u044f <span class=\"wpcf7-form-control-wrap\" data-name=\"first-name\"><input size=\"40\" maxlength=\"400\" class=\"wpcf7-form-control wpcf7-text wpcf7-validates-as-required\" aria-required=\"true\" aria-invalid=\"false\" value=\"\" type=\"text\" name=\"first-name\" \/><\/span>\n\t\t\t<\/p>\n\t\t<\/div>\n\t\t<div class=\"column-half\">\n\t\t\t<p>\u0424\u0430\u043c\u0438\u043b\u0438\u044f <span class=\"wpcf7-form-control-wrap\" data-name=\"last-name\"><input size=\"40\" maxlength=\"400\" class=\"wpcf7-form-control wpcf7-text wpcf7-validates-as-required\" aria-required=\"true\" aria-invalid=\"false\" value=\"\" type=\"text\" name=\"last-name\" \/><\/span>\n\t\t\t<\/p>\n\t\t<\/div>\n\t<\/div>\n\t<div class=\"form-row\">\n\t\t<div class=\"column-half\">\n\t\t\t<p>GSM <span class=\"wpcf7-form-control-wrap\" data-name=\"phonetext-749\"><input size=\"40\" class=\"wpcf7-form-control wpcf7-phonetext wpcf7-validates-as-required wpcf7-text wpcf7-validates-as-phonetext\" aria-required=\"true\" aria-invalid=\"false\" value=\"\" type=\"text\" name=\"phonetext-749\" \/><input type=\"hidden\" name=\"phonetext-749-country-code\" class=\"wpcf7-phonetext-country-code\" \/><\/span>\n\t\t\t<\/p>\n\t\t<\/div>\n\t\t<div class=\"column-half\">\n\t\t\t<p>\u042d\u043b. \u043f\u043e\u0447\u0442\u0430 <span class=\"wpcf7-form-control-wrap\" data-name=\"your-email\"><input size=\"40\" maxlength=\"400\" class=\"wpcf7-form-control wpcf7-email wpcf7-validates-as-required wpcf7-text wpcf7-validates-as-email\" aria-required=\"true\" aria-invalid=\"false\" value=\"\" type=\"email\" name=\"your-email\" \/><\/span>\n\t\t\t<\/p>\n\t\t<\/div>\n\t<\/div>\n\t<div class=\"form-row\">\n\t\t<div class=\"column-full\">\n\t\t\t<p>\u0421\u043e\u043e\u0431\u0449\u0435\u043d\u0438\u0435 <span class=\"wpcf7-form-control-wrap\" data-name=\"your-message\"><textarea cols=\"40\" rows=\"10\" maxlength=\"2000\" class=\"wpcf7-form-control wpcf7-textarea\" aria-invalid=\"false\" name=\"your-message\"><\/textarea><\/span>\n\t\t\t<\/p>\n\t\t<\/div>\n\t<\/div>\n\t<div class=\"form-row\">\n\t\t<p><span class=\"wpcf7-form-control-wrap\" data-name=\"your-consent\"><span class=\"wpcf7-form-control wpcf7-acceptance\"><span class=\"wpcf7-list-item\"><label><input type=\"checkbox\" name=\"your-consent\" value=\"1\" aria-invalid=\"false\" \/><span class=\"wpcf7-list-item-label\"><a href='\/ru\/gdpr'>\u042f \u043f\u0440\u043e\u0447\u0438\u0442\u0430\u043b(\u0430) \u0438 \u043e\u0434\u043e\u0431\u0440\u044f\u044e \u0442\u0435\u043a\u0441\u0442 \u0438\u043d\u0444\u043e\u0440\u043c\u0430\u0446\u0438\u0438 \u043e GDPR.<\/a><\/span><\/label><\/span><\/span><\/span>\n\t\t<\/p>\n\t<\/div>\n\t<div class=\"form-row\">\n\t\t<div class=\"column-full\">\n\t\t\t<p><input class=\"wpcf7-form-control wpcf7-submit has-spinner\" type=\"submit\" value=\"\u043f\u043e\u0441\u043b\u0430\u0442\u044c\" \/>\n\t\t\t<\/p>\n\t\t<\/div>\n\t<\/div>\n<\/div><!--end responsive-form--><input type=\"hidden\" id=\"ct_checkjs_cf7_cbb6a3b884f4f88b3a8e3d44c636cbd8\" name=\"ct_checkjs_cf7\" value=\"0\" \/><script >setTimeout(function(){var ct_input_name = \"ct_checkjs_cf7_cbb6a3b884f4f88b3a8e3d44c636cbd8\";if (document.getElementById(ct_input_name) !== null) {var ct_input_value = document.getElementById(ct_input_name).value;document.getElementById(ct_input_name).value = document.getElementById(ct_input_name).value.replace(ct_input_value, '88aa880363d149cf148372c4300c00f7abaec3627d8e5fd12985dbb9642c6ddc');}}, 1000);<\/script><input\n                    class=\"apbct_special_field apbct_email_id__wp_contact_form_7\"\n                    name=\"apbct__email_id__wp_contact_form_7\"\n                    aria-label=\"apbct__label_id__wp_contact_form_7\"\n                    type=\"text\" size=\"30\" maxlength=\"200\" autocomplete=\"off\"\n                    value=\"\"\n                \/><p style=\"display: none !important;\" class=\"akismet-fields-container\" data-prefix=\"_wpcf7_ak_\"><label>&#916;<textarea name=\"_wpcf7_ak_hp_textarea\" cols=\"45\" rows=\"8\" maxlength=\"100\"><\/textarea><\/label><input type=\"hidden\" id=\"ak_js_1\" name=\"_wpcf7_ak_js\" value=\"147\"\/><script>document.getElementById( \"ak_js_1\" ).setAttribute( \"value\", ( new Date() ).getTime() );<\/script><\/p><div class=\"wpcf7-response-output\" aria-hidden=\"true\"><\/div>\n<\/form>\n<\/div>\n\n\n\n\t\t<\/div>\n\t\t\t\t\t<\/div>\n\n\t\n\n\t<div id=\"col-856874517\" class=\"col medium-6 small-12 large-6\"  >\n\t\t\t\t<div class=\"col-inner\"  >\n\t\t\t\n\t\t\t\n\n<div class=\"row row-collapse align-equal\"  id=\"row-673348052\">\n\n\n\t<div id=\"col-227787446\" class=\"col medium-2 small-12 large-2\"  >\n\t\t\t\t<div class=\"col-inner\"  >\n\t\t\t\n\t<div class=\"is-border is-dashed\"\n\t\tstyle=\"border-color:rgb(228, 228, 228);border-width:0px 2px 0px 0px;margin:60px 50% 0px 0px;\">\n\t<\/div>\n\t\t\t\n\n\n\t\t<div class=\"icon-box featured-box icon-box-center text-center\"  >\n\t\t\t\t\t<div class=\"icon-box-img has-icon-bg\" style=\"width: 60px\">\n\t\t\t\t<div class=\"icon\">\n\t\t\t\t\t<div class=\"icon-inner\" style=\"border-width:3px;color:rgb(214, 157, 119);\">\n\t\t\t\t\t\t<?xml version=\"1.0\" encoding=\"UTF-8\"?>\n<svg xmlns=\"http:\/\/www.w3.org\/2000\/svg\" data-name=\"Layer 1\" viewBox=\"0 0 100 100\">\n  <path d=\"M31.37 90.05c-1.11-.38-2.19-.8-3.01-1.7-1.1-1.2-1.5-2.63-1.5-4.22V15.99c0-2.35.88-4.22 3.06-5.27.72-.35 1.59-.56 2.39-.57 11.87-.04 23.73-.03 35.6-.02 3.06 0 5.33 2.33 5.44 5.47v68.53c0 2.42-.93 4.28-3.14 5.4-.43.22-.91.35-1.37.52H31.37Zm38.12-10.02V18.74H30.71v61.29H69.5Zm-22.06 4.61c0 1.49 1.16 2.68 2.65 2.69a2.65 2.65 0 0 0 2.68-2.66c0-1.48-1.18-2.69-2.65-2.7-1.46-.01-2.68 1.2-2.68 2.67Zm2.75-70.61h-5.61c-.45 0-.83.2-.73.67.05.24.45.52.73.57.5.09 1.03.03 1.55.03h9.36c.48 0 .94-.03.91-.66-.03-.56-.46-.61-.9-.61h-5.3Z\" style=\"stroke-width:0\"><\/path>\n<\/svg>\n\t\t\t\t\t<\/div>\n\t\t\t\t<\/div>\n\t\t\t<\/div>\n\t\t\t\t<div class=\"icon-box-text last-reset\">\n\t\t\t\t\t\t\t\t\t\n\n\t<div id=\"gap-496650328\" class=\"gap-element clearfix hidden\" style=\"display:block; height:auto;\">\n\t\t\n<style>\n#gap-496650328 {\n  padding-top: 30px;\n}\n<\/style>\n\t<\/div>\n\t\n\n\n\t\t<\/div>\n\t<\/div>\n\t\n\t\n\n\t\t<\/div>\n\t\t\t\t\t<\/div>\n\n\t\n\n\t<div id=\"col-1835493594\" class=\"col medium-10 small-12 large-10\"  >\n\t\t\t\t<div class=\"col-inner\"  >\n\t\t\t\n\t\t\t\n\n\t<div id=\"text-3179375093\" class=\"text uppercase\">\n\t\t\n\n<h3>\u041d\u0410\u0428\u0418 \u0422\u0415\u041b\u0415\u0424\u041e\u041d\u042b<\/h3>\n\t\t\t<\/div>\n\t\n\t<div id=\"text-1664577501\" class=\"text strong\">\n\t\t\n\n<p>0532 062 57 62<br>0532 762 40 62<\/p>\n\t\t\n<style>\n#text-1664577501 {\n  color: rgb(214, 157, 119);\n}\n#text-1664577501 > * {\n  color: rgb(214, 157, 119);\n}\n<\/style>\n\t<\/div>\n\t\n\n\t\t<\/div>\n\t\t\t\t\n<style>\n#col-1835493594 > .col-inner {\n  margin: 0px 0px 25px 0px;\n}\n<\/style>\n\t<\/div>\n\n\t\n\n<\/div>\n<div class=\"row row-collapse align-equal\"  id=\"row-1204549501\">\n\n\n\t<div id=\"col-270193493\" class=\"col medium-2 small-12 large-2\"  >\n\t\t\t\t<div class=\"col-inner\"  >\n\t\t\t\n\t<div class=\"is-border is-dashed\"\n\t\tstyle=\"border-color:rgb(228, 228, 228);border-width:0px 0px 0px 0px;margin:60px 50% 0px 0px;\">\n\t<\/div>\n\t\t\t\n\n\n\t\t<div class=\"icon-box featured-box icon-box-center text-center\"  >\n\t\t\t\t\t<div class=\"icon-box-img has-icon-bg\" style=\"width: 60px\">\n\t\t\t\t<div class=\"icon\">\n\t\t\t\t\t<div class=\"icon-inner\" style=\"border-width:3px;color:rgb(214, 157, 119);\">\n\t\t\t\t\t\t<?xml version=\"1.0\" encoding=\"UTF-8\"?>\n<svg xmlns=\"http:\/\/www.w3.org\/2000\/svg\" data-name=\"Layer 1\" viewBox=\"0 0 100 100\">\n  <path d=\"M31.37 90.05c-1.11-.38-2.19-.8-3.01-1.7-1.1-1.2-1.5-2.63-1.5-4.22V15.99c0-2.35.88-4.22 3.06-5.27.72-.35 1.59-.56 2.39-.57 11.87-.04 23.73-.03 35.6-.02 3.06 0 5.33 2.33 5.44 5.47v68.53c0 2.42-.93 4.28-3.14 5.4-.43.22-.91.35-1.37.52H31.37Zm38.12-10.02V18.74H30.71v61.29H69.5Zm-22.06 4.61c0 1.49 1.16 2.68 2.65 2.69a2.65 2.65 0 0 0 2.68-2.66c0-1.48-1.18-2.69-2.65-2.7-1.46-.01-2.68 1.2-2.68 2.67Zm2.75-70.61h-5.61c-.45 0-.83.2-.73.67.05.24.45.52.73.57.5.09 1.03.03 1.55.03h9.36c.48 0 .94-.03.91-.66-.03-.56-.46-.61-.9-.61h-5.3Z\" style=\"stroke-width:0\"><\/path>\n<\/svg>\n\t\t\t\t\t<\/div>\n\t\t\t\t<\/div>\n\t\t\t<\/div>\n\t\t\t\t<div class=\"icon-box-text last-reset\">\n\t\t\t\t\t\t\t\t\t\n\n\t<div id=\"gap-623963391\" class=\"gap-element clearfix hidden\" style=\"display:block; height:auto;\">\n\t\t\n<style>\n#gap-623963391 {\n  padding-top: 30px;\n}\n<\/style>\n\t<\/div>\n\t\n\n\n\t\t<\/div>\n\t<\/div>\n\t\n\t\n\n\t\t<\/div>\n\t\t\t\t\t<\/div>\n\n\t\n\n\t<div id=\"col-484880\" class=\"col medium-10 small-12 large-10\"  >\n\t\t\t\t<div class=\"col-inner\"  >\n\t\t\t\n\t\t\t\n\n\t<div id=\"text-3800271347\" class=\"text uppercase\">\n\t\t\n\n<h3>For international patients<\/h3>\n\n\t\t\t<\/div>\n\t\n\t<div id=\"text-3198832296\" class=\"text strong\">\n\t\t\n\n<p>+90 532 131 88 34<\/p>\n\n\t\t\n<style>\n#text-3198832296 {\n  color: rgb(214, 157, 119);\n}\n#text-3198832296 > * {\n  color: rgb(214, 157, 119);\n}\n<\/style>\n\t<\/div>\n\t\n\n\t\t<\/div>\n\t\t\t\t\n<style>\n#col-484880 > .col-inner {\n  margin: 0px 0px 25px 0px;\n}\n<\/style>\n\t<\/div>\n\n\t\n\n<\/div>\n<h3>\u041a\u0410\u041a \u041c\u041d\u0415 \u0414\u041e\u0411\u0420\u0410\u0422\u042c\u0421\u042f?<\/h3>\n<ul>\n<li>\u041e\u043d \u043d\u0430\u0445\u043e\u0434\u0438\u0442\u0441\u044f \u043d\u0430 \u0448\u043e\u0441\u0441\u0435 E-5.<\/li>\n<li>\u041c\u044b \u043d\u0430\u0445\u043e\u0434\u0438\u043c\u0441\u044f \u043f\u0440\u044f\u043c\u043e \u043d\u0430\u043f\u0440\u043e\u0442\u0438\u0432 \u043e\u0441\u0442\u0430\u043d\u043e\u0432\u043a\u0438 Yenibosna, \u0433\u0434\u0435 \u043e\u0441\u0442\u0430\u043d\u0430\u0432\u043b\u0438\u0432\u0430\u044e\u0442\u0441\u044f \u0430\u0432\u0442\u043e\u0431\u0443\u0441\u044b Metrobus, \u0441\u043e\u0435\u0434\u0438\u043d\u044f\u044e\u0449\u0438\u0435 Avc\u0131lar \u0438 S\u00f6\u011f\u00fctl\u00fc\u00e7e\u015fme.<\/li>\n<li>\u041c\u044b \u0440\u044f\u0434\u043e\u043c \u0441 \u0423\u043d\u0438\u0432\u0435\u0440\u0441\u0438\u0442\u0435\u0442\u043e\u043c \u041a\u0443\u043b\u044c\u0442\u0443\u0440\u044b.<\/li>\n<li>\u0414\u043e \u043d\u0435\u0433\u043e \u043e\u0447\u0435\u043d\u044c \u043b\u0435\u0433\u043a\u043e \u0434\u043e\u0431\u0440\u0430\u0442\u044c\u0441\u044f \u043d\u0430 \u043e\u0431\u0449\u0435\u0441\u0442\u0432\u0435\u043d\u043d\u043e\u043c \u0442\u0440\u0430\u043d\u0441\u043f\u043e\u0440\u0442\u0435.<\/li>\n<li>\u041e\u043d \u043d\u0430\u0445\u043e\u0434\u0438\u0442\u0441\u044f \u0432 \u043d\u0435\u0441\u043a\u043e\u043b\u044c\u043a\u0438\u0445 \u043c\u0438\u043d\u0443\u0442\u0430\u0445 \u0445\u043e\u0434\u044c\u0431\u044b \u043e\u0442 \u0441\u0442\u0430\u043d\u0446\u0438\u0438 \u043c\u0435\u0442\u0440\u043e Light \u0438 \u0430\u0432\u0442\u043e\u0431\u0443\u0441\u043d\u044b\u0445 \u043e\u0441\u0442\u0430\u043d\u043e\u0432\u043e\u043a.<\/li>\n<li>\u041e\u043d \u043d\u0430\u0445\u043e\u0434\u0438\u0442\u0441\u044f \u0432 15 \u043c\u0438\u043d\u0443\u0442\u0430\u0445 \u0435\u0437\u0434\u044b \u043e\u0442 \u0430\u044d\u0440\u043e\u043f\u043e\u0440\u0442\u0430 \u0410\u0442\u0430\u0442\u044e\u0440\u043a \u0438 \u043c\u043e\u0440\u0441\u043a\u043e\u0433\u043e \u0430\u0432\u0442\u043e\u0431\u0443\u0441\u043d\u043e\u0433\u043e \u0432\u043e\u043a\u0437\u0430\u043b\u0430 \u0411\u0430\u043a\u044b\u0440\u043a\u0451\u0439.<\/li>\n<\/ul>\n\n\t\t<\/div>\n\t\t\t\t\n<style>\n#col-856874517 > .col-inner {\n  padding: 32px 0px 0px 0px;\n}\n<\/style>\n\t<\/div>\n\n\t\n\n<\/div>\n\n","protected":false},"excerpt":{"rendered":"","protected":false},"author":1,"featured_media":0,"parent":0,"menu_order":0,"comment_status":"closed","ping_status":"closed","template":"page-blank.php","meta":{"inline_featured_image":false,"footnotes":""},"class_list":["post-1092","page","type-page","status-publish","hentry"],"yoast_head":"<!-- This site is optimized with the Yoast SEO plugin v26.6 - https:\/\/yoast.com\/wordpress\/plugins\/seo\/ -->\n<title>\u041a\u043e\u043d\u0442\u0430\u043a\u0442 - Fahrettin Y\u0131lmaz<\/title>\n<meta name=\"robots\" content=\"index, follow, max-snippet:-1, max-image-preview:large, max-video-preview:-1\" \/>\n<link rel=\"canonical\" href=\"https:\/\/www.fahrettinyilmaz.com\/ru\/%d0%ba%d0%be%d0%bd%d1%82%d0%b0%d0%ba%d1%82\/\" \/>\n<meta property=\"og:locale\" content=\"ru_RU\" \/>\n<meta property=\"og:type\" content=\"article\" \/>\n<meta property=\"og:title\" content=\"\u041a\u043e\u043d\u0442\u0430\u043a\u0442 - Fahrettin Y\u0131lmaz\" \/>\n<meta property=\"og:url\" content=\"https:\/\/www.fahrettinyilmaz.com\/ru\/%d0%ba%d0%be%d0%bd%d1%82%d0%b0%d0%ba%d1%82\/\" \/>\n<meta property=\"og:site_name\" content=\"Fahrettin Y\u0131lmaz\" \/>\n<meta property=\"article:modified_time\" content=\"2024-01-15T20:41:13+00:00\" \/>\n<meta property=\"og:image\" content=\"https:\/\/www.fahrettinyilmaz.com\/wp-content\/uploads\/2023\/12\/dr.webp\" \/>\n\t<meta property=\"og:image:width\" content=\"683\" \/>\n\t<meta property=\"og:image:height\" content=\"817\" \/>\n\t<meta property=\"og:image:type\" content=\"image\/webp\" \/>\n<meta name=\"twitter:card\" content=\"summary_large_image\" \/>\n<meta name=\"twitter:label1\" content=\"\u041f\u0440\u0438\u043c\u0435\u0440\u043d\u043e\u0435 \u0432\u0440\u0435\u043c\u044f \u0434\u043b\u044f \u0447\u0442\u0435\u043d\u0438\u044f\" \/>\n\t<meta name=\"twitter:data1\" content=\"2 \u043c\u0438\u043d\u0443\u0442\u044b\" \/>\n<script type=\"application\/ld+json\" class=\"yoast-schema-graph\">{\"@context\":\"https:\/\/schema.org\",\"@graph\":[{\"@type\":\"WebPage\",\"@id\":\"https:\/\/www.fahrettinyilmaz.com\/ru\/%d0%ba%d0%be%d0%bd%d1%82%d0%b0%d0%ba%d1%82\/\",\"url\":\"https:\/\/www.fahrettinyilmaz.com\/ru\/%d0%ba%d0%be%d0%bd%d1%82%d0%b0%d0%ba%d1%82\/\",\"name\":\"\u041a\u043e\u043d\u0442\u0430\u043a\u0442 - Fahrettin Y\u0131lmaz\",\"isPartOf\":{\"@id\":\"https:\/\/www.fahrettinyilmaz.com\/ru\/#website\"},\"datePublished\":\"2023-12-16T22:02:46+00:00\",\"dateModified\":\"2024-01-15T20:41:13+00:00\",\"breadcrumb\":{\"@id\":\"https:\/\/www.fahrettinyilmaz.com\/ru\/%d0%ba%d0%be%d0%bd%d1%82%d0%b0%d0%ba%d1%82\/#breadcrumb\"},\"inLanguage\":\"ru-RU\",\"potentialAction\":[{\"@type\":\"ReadAction\",\"target\":[\"https:\/\/www.fahrettinyilmaz.com\/ru\/%d0%ba%d0%be%d0%bd%d1%82%d0%b0%d0%ba%d1%82\/\"]}]},{\"@type\":\"BreadcrumbList\",\"@id\":\"https:\/\/www.fahrettinyilmaz.com\/ru\/%d0%ba%d0%be%d0%bd%d1%82%d0%b0%d0%ba%d1%82\/#breadcrumb\",\"itemListElement\":[{\"@type\":\"ListItem\",\"position\":1,\"name\":\"Anasayfa\",\"item\":\"https:\/\/www.fahrettinyilmaz.com\/ru\/\"},{\"@type\":\"ListItem\",\"position\":2,\"name\":\"\u041a\u043e\u043d\u0442\u0430\u043a\u0442\"}]},{\"@type\":\"WebSite\",\"@id\":\"https:\/\/www.fahrettinyilmaz.com\/ru\/#website\",\"url\":\"https:\/\/www.fahrettinyilmaz.com\/ru\/\",\"name\":\"Fahrettin Y\u0131lmaz\",\"description\":\"\",\"potentialAction\":[{\"@type\":\"SearchAction\",\"target\":{\"@type\":\"EntryPoint\",\"urlTemplate\":\"https:\/\/www.fahrettinyilmaz.com\/ru\/?s={search_term_string}\"},\"query-input\":{\"@type\":\"PropertyValueSpecification\",\"valueRequired\":true,\"valueName\":\"search_term_string\"}}],\"inLanguage\":\"ru-RU\"}]}<\/script>\n<!-- \/ Yoast SEO plugin. -->","yoast_head_json":{"title":"\u041a\u043e\u043d\u0442\u0430\u043a\u0442 - Fahrettin Y\u0131lmaz","robots":{"index":"index","follow":"follow","max-snippet":"max-snippet:-1","max-image-preview":"max-image-preview:large","max-video-preview":"max-video-preview:-1"},"canonical":"https:\/\/www.fahrettinyilmaz.com\/ru\/%d0%ba%d0%be%d0%bd%d1%82%d0%b0%d0%ba%d1%82\/","og_locale":"ru_RU","og_type":"article","og_title":"\u041a\u043e\u043d\u0442\u0430\u043a\u0442 - Fahrettin Y\u0131lmaz","og_url":"https:\/\/www.fahrettinyilmaz.com\/ru\/%d0%ba%d0%be%d0%bd%d1%82%d0%b0%d0%ba%d1%82\/","og_site_name":"Fahrettin Y\u0131lmaz","article_modified_time":"2024-01-15T20:41:13+00:00","og_image":[{"width":683,"height":817,"url":"https:\/\/www.fahrettinyilmaz.com\/wp-content\/uploads\/2023\/12\/dr.webp","type":"image\/webp"}],"twitter_card":"summary_large_image","twitter_misc":{"\u041f\u0440\u0438\u043c\u0435\u0440\u043d\u043e\u0435 \u0432\u0440\u0435\u043c\u044f \u0434\u043b\u044f \u0447\u0442\u0435\u043d\u0438\u044f":"2 \u043c\u0438\u043d\u0443\u0442\u044b"},"schema":{"@context":"https:\/\/schema.org","@graph":[{"@type":"WebPage","@id":"https:\/\/www.fahrettinyilmaz.com\/ru\/%d0%ba%d0%be%d0%bd%d1%82%d0%b0%d0%ba%d1%82\/","url":"https:\/\/www.fahrettinyilmaz.com\/ru\/%d0%ba%d0%be%d0%bd%d1%82%d0%b0%d0%ba%d1%82\/","name":"\u041a\u043e\u043d\u0442\u0430\u043a\u0442 - Fahrettin Y\u0131lmaz","isPartOf":{"@id":"https:\/\/www.fahrettinyilmaz.com\/ru\/#website"},"datePublished":"2023-12-16T22:02:46+00:00","dateModified":"2024-01-15T20:41:13+00:00","breadcrumb":{"@id":"https:\/\/www.fahrettinyilmaz.com\/ru\/%d0%ba%d0%be%d0%bd%d1%82%d0%b0%d0%ba%d1%82\/#breadcrumb"},"inLanguage":"ru-RU","potentialAction":[{"@type":"ReadAction","target":["https:\/\/www.fahrettinyilmaz.com\/ru\/%d0%ba%d0%be%d0%bd%d1%82%d0%b0%d0%ba%d1%82\/"]}]},{"@type":"BreadcrumbList","@id":"https:\/\/www.fahrettinyilmaz.com\/ru\/%d0%ba%d0%be%d0%bd%d1%82%d0%b0%d0%ba%d1%82\/#breadcrumb","itemListElement":[{"@type":"ListItem","position":1,"name":"Anasayfa","item":"https:\/\/www.fahrettinyilmaz.com\/ru\/"},{"@type":"ListItem","position":2,"name":"\u041a\u043e\u043d\u0442\u0430\u043a\u0442"}]},{"@type":"WebSite","@id":"https:\/\/www.fahrettinyilmaz.com\/ru\/#website","url":"https:\/\/www.fahrettinyilmaz.com\/ru\/","name":"Fahrettin Y\u0131lmaz","description":"","potentialAction":[{"@type":"SearchAction","target":{"@type":"EntryPoint","urlTemplate":"https:\/\/www.fahrettinyilmaz.com\/ru\/?s={search_term_string}"},"query-input":{"@type":"PropertyValueSpecification","valueRequired":true,"valueName":"search_term_string"}}],"inLanguage":"ru-RU"}]}},"_links":{"self":[{"href":"https:\/\/www.fahrettinyilmaz.com\/ru\/wp-json\/wp\/v2\/pages\/1092","targetHints":{"allow":["GET"]}}],"collection":[{"href":"https:\/\/www.fahrettinyilmaz.com\/ru\/wp-json\/wp\/v2\/pages"}],"about":[{"href":"https:\/\/www.fahrettinyilmaz.com\/ru\/wp-json\/wp\/v2\/types\/page"}],"author":[{"embeddable":true,"href":"https:\/\/www.fahrettinyilmaz.com\/ru\/wp-json\/wp\/v2\/users\/1"}],"replies":[{"embeddable":true,"href":"https:\/\/www.fahrettinyilmaz.com\/ru\/wp-json\/wp\/v2\/comments?post=1092"}],"version-history":[{"count":3,"href":"https:\/\/www.fahrettinyilmaz.com\/ru\/wp-json\/wp\/v2\/pages\/1092\/revisions"}],"predecessor-version":[{"id":1335,"href":"https:\/\/www.fahrettinyilmaz.com\/ru\/wp-json\/wp\/v2\/pages\/1092\/revisions\/1335"}],"wp:attachment":[{"href":"https:\/\/www.fahrettinyilmaz.com\/ru\/wp-json\/wp\/v2\/media?parent=1092"}],"curies":[{"name":"wp","href":"https:\/\/api.w.org\/{rel}","templated":true}]}}